{"id":7,"date":"2021-05-29T22:15:56","date_gmt":"2021-05-29T22:15:56","guid":{"rendered":"https:\/\/glasbeneigrarije.si\/?page_id=7"},"modified":"2023-06-23T11:36:16","modified_gmt":"2023-06-23T11:36:16","slug":"about","status":"publish","type":"page","link":"https:\/\/glasbeneigrarije.si\/?page_id=7","title":{"rendered":"O nas"},"content":{"rendered":"\n<h2>Kdo so na\u0161i mentorji?<\/h2>\n\n\n\n<div class=\"wp-block-media-text alignfull is-stacked-on-mobile is-vertically-aligned-bottom is-style-default\" style=\"grid-template-columns:24% auto\"><figure class=\"wp-block-media-text__media\"><img loading=\"lazy\" width=\"724\" height=\"1024\" src=\"https:\/\/glasbeneigrarije.si\/wp-content\/uploads\/2021\/06\/Uc\u030citeljica-Lea-724x1024.jpg\" alt=\"\" class=\"wp-image-130 size-full\" srcset=\"https:\/\/glasbeneigrarije.si\/wp-content\/uploads\/2021\/06\/Uc\u030citeljica-Lea-724x1024.jpg 724w, https:\/\/glasbeneigrarije.si\/wp-content\/uploads\/2021\/06\/Uc\u030citeljica-Lea-212x300.jpg 212w, https:\/\/glasbeneigrarije.si\/wp-content\/uploads\/2021\/06\/Uc\u030citeljica-Lea-768x1086.jpg 768w, https:\/\/glasbeneigrarije.si\/wp-content\/uploads\/2021\/06\/Uc\u030citeljica-Lea-1086x1536.jpg 1086w, https:\/\/glasbeneigrarije.si\/wp-content\/uploads\/2021\/06\/Uc\u030citeljica-Lea-1448x2048.jpg 1448w, https:\/\/glasbeneigrarije.si\/wp-content\/uploads\/2021\/06\/Uc\u030citeljica-Lea-1568x2218.jpg 1568w, https:\/\/glasbeneigrarije.si\/wp-content\/uploads\/2021\/06\/Uc\u030citeljica-Lea-scaled.jpg 1810w\" sizes=\"(max-width: 724px) 100vw, 724px\" \/><\/figure><div class=\"wp-block-media-text__content\">\n<p class=\"has-large-font-size\">LEA BARTHA PESEK <\/p>\n\n\n\n<p class=\"has-large-font-size\" style=\"line-height:1.2\">pevka in diplomirana pedagoginja, ki \u017ee vrsto let pou\u010duje glasbo in petje ter je mama dvema majhnima otrokoma<\/p>\n\n\n\n<p>Ve\u010d info na <a href=\"http:\/\/leabartha.com\/bio\/\">spletni strani<\/a> in <a href=\"https:\/\/www.facebook.com\/barthalea\">FB strani<\/a><\/p>\n<\/div><\/div>\n\n\n\n<div class=\"wp-block-media-text alignwide is-stacked-on-mobile is-image-fill\" style=\"grid-template-columns:23% auto\"><figure class=\"wp-block-media-text__media\" style=\"background-image:url(https:\/\/glasbeneigrarije.si\/wp-content\/uploads\/2022\/10\/kitara-1024x887.png);background-position:50% 50%\"><img loading=\"lazy\" width=\"1024\" height=\"887\" src=\"https:\/\/glasbeneigrarije.si\/wp-content\/uploads\/2022\/10\/kitara-1024x887.png\" alt=\"\" class=\"wp-image-217 size-full\" srcset=\"https:\/\/glasbeneigrarije.si\/wp-content\/uploads\/2022\/10\/kitara-1024x887.png 1024w, https:\/\/glasbeneigrarije.si\/wp-content\/uploads\/2022\/10\/kitara-300x260.png 300w, https:\/\/glasbeneigrarije.si\/wp-content\/uploads\/2022\/10\/kitara-768x665.png 768w, https:\/\/glasbeneigrarije.si\/wp-content\/uploads\/2022\/10\/kitara-1536x1330.png 1536w, https:\/\/glasbeneigrarije.si\/wp-content\/uploads\/2022\/10\/kitara-1568x1358.png 1568w, https:\/\/glasbeneigrarije.si\/wp-content\/uploads\/2022\/10\/kitara.png 1920w\" sizes=\"(max-width: 1024px) 100vw, 1024px\" \/><\/figure><div class=\"wp-block-media-text__content\">\n<p class=\"has-large-font-size\">SARA BARTHA RIJAVEC <\/p>\n\n\n\n<p class=\"has-large-font-size\" style=\"line-height:1.2\">\u0160tudentka glasbene pedagogike na Akademiji za glasbo, pevka\/pianistka specializirana za glasbeno teorijo<\/p>\n<\/div><\/div>\n\n\n\n<div class=\"wp-block-media-text alignwide is-stacked-on-mobile\" style=\"grid-template-columns:21% auto\"><figure class=\"wp-block-media-text__media\"><img loading=\"lazy\" width=\"1024\" height=\"1024\" src=\"https:\/\/glasbeneigrarije.si\/wp-content\/uploads\/2022\/10\/\u2014Pngtree\u2014teachers-day-emoticon-pack-cartoon_3833905-1024x1024.png\" alt=\"\" class=\"wp-image-213 size-full\" srcset=\"https:\/\/glasbeneigrarije.si\/wp-content\/uploads\/2022\/10\/\u2014Pngtree\u2014teachers-day-emoticon-pack-cartoon_3833905-1024x1024.png 1024w, https:\/\/glasbeneigrarije.si\/wp-content\/uploads\/2022\/10\/\u2014Pngtree\u2014teachers-day-emoticon-pack-cartoon_3833905-300x300.png 300w, https:\/\/glasbeneigrarije.si\/wp-content\/uploads\/2022\/10\/\u2014Pngtree\u2014teachers-day-emoticon-pack-cartoon_3833905-150x150.png 150w, https:\/\/glasbeneigrarije.si\/wp-content\/uploads\/2022\/10\/\u2014Pngtree\u2014teachers-day-emoticon-pack-cartoon_3833905-768x768.png 768w, https:\/\/glasbeneigrarije.si\/wp-content\/uploads\/2022\/10\/\u2014Pngtree\u2014teachers-day-emoticon-pack-cartoon_3833905-1536x1536.png 1536w, https:\/\/glasbeneigrarije.si\/wp-content\/uploads\/2022\/10\/\u2014Pngtree\u2014teachers-day-emoticon-pack-cartoon_3833905-1568x1568.png 1568w, https:\/\/glasbeneigrarije.si\/wp-content\/uploads\/2022\/10\/\u2014Pngtree\u2014teachers-day-emoticon-pack-cartoon_3833905.png 2000w\" sizes=\"(max-width: 1024px) 100vw, 1024px\" \/><\/figure><div class=\"wp-block-media-text__content\">\n<p class=\"has-large-font-size\">BRINA FILIP\u010cI\u010c<\/p>\n\n\n\n<p class=\"has-large-font-size\" style=\"line-height:1.2\">\u0160tudentka Pedago\u0161ke fakultete, pevka\/pianistka, oratorijska animatorka<\/p>\n<\/div><\/div>\n\n\n\n<div class=\"wp-block-media-text alignwide is-stacked-on-mobile\" style=\"grid-template-columns:21% auto\"><figure class=\"wp-block-media-text__media\"><img loading=\"lazy\" width=\"1024\" height=\"1024\" src=\"https:\/\/glasbeneigrarije.si\/wp-content\/uploads\/2022\/10\/11q58PICi8wc7ERYWy7bu_PIC2018-1024x1024.png\" alt=\"\" class=\"wp-image-214 size-full\" srcset=\"https:\/\/glasbeneigrarije.si\/wp-content\/uploads\/2022\/10\/11q58PICi8wc7ERYWy7bu_PIC2018-1024x1024.png 1024w, https:\/\/glasbeneigrarije.si\/wp-content\/uploads\/2022\/10\/11q58PICi8wc7ERYWy7bu_PIC2018-300x300.png 300w, https:\/\/glasbeneigrarije.si\/wp-content\/uploads\/2022\/10\/11q58PICi8wc7ERYWy7bu_PIC2018-150x150.png 150w, https:\/\/glasbeneigrarije.si\/wp-content\/uploads\/2022\/10\/11q58PICi8wc7ERYWy7bu_PIC2018-768x768.png 768w, https:\/\/glasbeneigrarije.si\/wp-content\/uploads\/2022\/10\/11q58PICi8wc7ERYWy7bu_PIC2018-1536x1536.png 1536w, https:\/\/glasbeneigrarije.si\/wp-content\/uploads\/2022\/10\/11q58PICi8wc7ERYWy7bu_PIC2018-1568x1568.png 1568w, https:\/\/glasbeneigrarije.si\/wp-content\/uploads\/2022\/10\/11q58PICi8wc7ERYWy7bu_PIC2018.png 2000w\" sizes=\"(max-width: 1024px) 100vw, 1024px\" \/><\/figure><div class=\"wp-block-media-text__content\">\n<p class=\"has-large-font-size\">ANA LOMOV\u0160EK<\/p>\n\n\n\n<p class=\"has-large-font-size\" style=\"line-height:1.2\">\u0160tudentka Pedago\u0161ke fakultete, pevka\/flavtistka, oratorijska animatorka<\/p>\n<\/div><\/div>\n\n\n\n<p><\/p>\n\n\n\n<h1 class=\"alignwide\">Glasbene igrarije v medijih<\/h1>\n\n\n\n<p class=\"has-text-align-left\"><\/p>\n\n\n\n<h4>\ud83d\udc49<a rel=\"noreferrer noopener\" href=\"https:\/\/www.druzina.si\/clanek\/glasbene-igrarije-foto\" data-type=\"URL\" data-id=\"https:\/\/www.druzina.si\/clanek\/glasbene-igrarije-foto\" target=\"_blank\">O poletni glasbeni pustolov\u0161\u010dini\ud83d\udc48 <\/a> <\/h4>\n\n\n\n<p><\/p>\n\n\n\n<p><\/p>\n\n\n\n<figure class=\"wp-container-2 wp-block-gallery-1 wp-block-gallery alignfull has-nested-images columns-default is-cropped\">\n<figure class=\"wp-block-image size-large\"><img loading=\"lazy\" width=\"1920\" height=\"2560\" data-id=\"265\"  src=\"https:\/\/glasbeneigrarije.si\/wp-content\/uploads\/2023\/06\/GIG1-scaled.jpg\" alt=\"\" class=\"wp-image-265\" srcset=\"https:\/\/glasbeneigrarije.si\/wp-content\/uploads\/2023\/06\/GIG1-scaled.jpg 1920w, https:\/\/glasbeneigrarije.si\/wp-content\/uploads\/2023\/06\/GIG1-225x300.jpg 225w, https:\/\/glasbeneigrarije.si\/wp-content\/uploads\/2023\/06\/GIG1-768x1024.jpg 768w, https:\/\/glasbeneigrarije.si\/wp-content\/uploads\/2023\/06\/GIG1-1152x1536.jpg 1152w, https:\/\/glasbeneigrarije.si\/wp-content\/uploads\/2023\/06\/GIG1-1536x2048.jpg 1536w, https:\/\/glasbeneigrarije.si\/wp-content\/uploads\/2023\/06\/GIG1-1568x2091.jpg 1568w\" sizes=\"(max-width: 1920px) 100vw, 1920px\" \/><\/figure>\n\n\n\n<figure class=\"wp-block-image size-large\"><img loading=\"lazy\" width=\"1920\" height=\"2560\" data-id=\"266\"  src=\"https:\/\/glasbeneigrarije.si\/wp-content\/uploads\/2023\/06\/GIG2-scaled.jpg\" alt=\"\" class=\"wp-image-266\" srcset=\"https:\/\/glasbeneigrarije.si\/wp-content\/uploads\/2023\/06\/GIG2-scaled.jpg 1920w, https:\/\/glasbeneigrarije.si\/wp-content\/uploads\/2023\/06\/GIG2-225x300.jpg 225w, https:\/\/glasbeneigrarije.si\/wp-content\/uploads\/2023\/06\/GIG2-768x1024.jpg 768w, https:\/\/glasbeneigrarije.si\/wp-content\/uploads\/2023\/06\/GIG2-1152x1536.jpg 1152w, https:\/\/glasbeneigrarije.si\/wp-content\/uploads\/2023\/06\/GIG2-1536x2048.jpg 1536w, https:\/\/glasbeneigrarije.si\/wp-content\/uploads\/2023\/06\/GIG2-1568x2091.jpg 1568w\" sizes=\"(max-width: 1920px) 100vw, 1920px\" \/><\/figure>\n\n\n\n<figure class=\"wp-block-image size-large\"><img loading=\"lazy\" width=\"1920\" height=\"2560\" data-id=\"267\"  src=\"https:\/\/glasbeneigrarije.si\/wp-content\/uploads\/2023\/06\/GIG3-scaled.jpg\" alt=\"\" class=\"wp-image-267\" srcset=\"https:\/\/glasbeneigrarije.si\/wp-content\/uploads\/2023\/06\/GIG3-scaled.jpg 1920w, https:\/\/glasbeneigrarije.si\/wp-content\/uploads\/2023\/06\/GIG3-225x300.jpg 225w, https:\/\/glasbeneigrarije.si\/wp-content\/uploads\/2023\/06\/GIG3-768x1024.jpg 768w, https:\/\/glasbeneigrarije.si\/wp-content\/uploads\/2023\/06\/GIG3-1152x1536.jpg 1152w, https:\/\/glasbeneigrarije.si\/wp-content\/uploads\/2023\/06\/GIG3-1536x2048.jpg 1536w, https:\/\/glasbeneigrarije.si\/wp-content\/uploads\/2023\/06\/GIG3-1568x2091.jpg 1568w\" sizes=\"(max-width: 1920px) 100vw, 1920px\" \/><\/figure>\n<\/figure>\n\n\n\n<pre class=\"wp-block-verse\">Vir: Revija Dru\u017eina \nFoto: Tatjana Splichal<\/pre>\n","protected":false},"excerpt":{"rendered":"<p>Kdo so na\u0161i mentorji? LEA BARTHA PESEK pevka in diplomirana pedagoginja, ki \u017ee vrsto let pou\u010duje glasbo in petje ter je mama dvema majhnima otrokoma Ve\u010d info na spletni strani in FB strani SARA BARTHA RIJAVEC \u0160tudentka glasbene pedagogike na Akademiji za glasbo, pevka\/pianistka specializirana za glasbeno teorijo BRINA FILIP\u010cI\u010c \u0160tudentka Pedago\u0161ke fakultete, pevka\/pianistka, oratorijska&hellip; <a class=\"more-link\" href=\"https:\/\/glasbeneigrarije.si\/?page_id=7\">Continue reading <span class=\"screen-reader-text\">O nas<\/span><\/a><\/p>\n","protected":false},"author":2,"featured_media":0,"parent":0,"menu_order":0,"comment_status":"closed","ping_status":"closed","template":"","meta":[],"_links":{"self":[{"href":"https:\/\/glasbeneigrarije.si\/index.php?rest_route=\/wp\/v2\/pages\/7"}],"collection":[{"href":"https:\/\/glasbeneigrarije.si\/index.php?rest_route=\/wp\/v2\/pages"}],"about":[{"href":"https:\/\/glasbeneigrarije.si\/index.php?rest_route=\/wp\/v2\/types\/page"}],"author":[{"embeddable":true,"href":"https:\/\/glasbeneigrarije.si\/index.php?rest_route=\/wp\/v2\/users\/2"}],"replies":[{"embeddable":true,"href":"https:\/\/glasbeneigrarije.si\/index.php?rest_route=%2Fwp%2Fv2%2Fcomments&post=7"}],"version-history":[{"count":11,"href":"https:\/\/glasbeneigrarije.si\/index.php?rest_route=\/wp\/v2\/pages\/7\/revisions"}],"predecessor-version":[{"id":345,"href":"https:\/\/glasbeneigrarije.si\/index.php?rest_route=\/wp\/v2\/pages\/7\/revisions\/345"}],"wp:attachment":[{"href":"https:\/\/glasbeneigrarije.si\/index.php?rest_route=%2Fwp%2Fv2%2Fmedia&parent=7"}],"curies":[{"name":"wp","href":"https:\/\/api.w.org\/{rel}","templated":true}]}}